{"id":64,"date":"2017-01-06T06:36:36","date_gmt":"2017-01-06T06:36:36","guid":{"rendered":"http:\/\/sowah.de\/?page_id=64"},"modified":"2018-09-17T07:40:47","modified_gmt":"2018-09-17T07:40:47","slug":"impressum","status":"publish","type":"page","link":"http:\/\/www.sowah.de\/?page_id=64","title":{"rendered":"Impressum"},"content":{"rendered":"<p>Juliane Sowah &#8211; Professional Scrum Master I<br \/>\nTEXT . KONZEPTION<\/p>\n<p>Mauritiuswall 21<br \/>\n50676 K\u00f6ln<\/p>\n<p>+49 160 96714877<br \/>\nE-Mail: <a href=\"mailto:mail@sowah.de\">Juliane Sowah<\/a><\/p>\n<p>V.i.S.d.P. (\u00a76TDG)<br \/>\nHaftungshinweis<br \/>\nTrotz sorgf\u00e4ltiger inhaltlicher Kontrolle \u00fcbernehme ich keine Haftung f\u00fcr die Inhalte externer Links. F\u00fcr den Inhalt der verlinkten Seiten sind ausschlie\u00dflich deren Betreiber verantwortlich.<\/p>\n","protected":false},"excerpt":{"rendered":"<p>Juliane Sowah &#8211; Professional Scrum Master I TEXT . KONZEPTION Mauritiuswall 21 50676 K\u00f6ln +49 160 96714877 E-Mail: Juliane Sowah V.i.S.d.P. (\u00a76TDG) Haftungshinweis Trotz sorgf\u00e4ltiger inhaltlicher Kontrolle \u00fcbernehme ich keine Haftung f\u00fcr die Inhalte externer Links. F\u00fcr den Inhalt der verlinkten Seiten sind ausschlie\u00dflich deren Betreiber verantwortlich.<\/p>\n","protected":false},"author":1,"featured_media":0,"parent":0,"menu_order":0,"comment_status":"closed","ping_status":"closed","template":"","meta":{"footnotes":""},"class_list":["post-64","page","type-page","status-publish","hentry"],"_links":{"self":[{"href":"http:\/\/www.sowah.de\/index.php?rest_route=\/wp\/v2\/pages\/64","targetHints":{"allow":["GET"]}}],"collection":[{"href":"http:\/\/www.sowah.de\/index.php?rest_route=\/wp\/v2\/pages"}],"about":[{"href":"http:\/\/www.sowah.de\/index.php?rest_route=\/wp\/v2\/types\/page"}],"author":[{"embeddable":true,"href":"http:\/\/www.sowah.de\/index.php?rest_route=\/wp\/v2\/users\/1"}],"replies":[{"embeddable":true,"href":"http:\/\/www.sowah.de\/index.php?rest_route=%2Fwp%2Fv2%2Fcomments&post=64"}],"version-history":[{"count":3,"href":"http:\/\/www.sowah.de\/index.php?rest_route=\/wp\/v2\/pages\/64\/revisions"}],"predecessor-version":[{"id":70,"href":"http:\/\/www.sowah.de\/index.php?rest_route=\/wp\/v2\/pages\/64\/revisions\/70"}],"wp:attachment":[{"href":"http:\/\/www.sowah.de\/index.php?rest_route=%2Fwp%2Fv2%2Fmedia&parent=64"}],"curies":[{"name":"wp","href":"https:\/\/api.w.org\/{rel}","templated":true}]}}